{"id":5768,"date":"2023-12-15T09:25:37","date_gmt":"2023-12-15T08:25:37","guid":{"rendered":"https:\/\/sante-prevention-sainthilaire.fr\/home\/"},"modified":"2024-01-26T11:20:32","modified_gmt":"2024-01-26T10:20:32","slug":"home","status":"publish","type":"page","link":"https:\/\/sante-prevention-sainthilaire.fr\/en\/","title":{"rendered":"Home"},"content":{"rendered":"\t\t<div data-elementor-type=\"wp-page\" data-elementor-id=\"5768\" class=\"elementor elementor-5768 elementor-5251\">\n\t\t\t\t\t\t<section class=\"elementor-section elementor-top-section elementor-element elementor-element-19303d8 elementor-section-full_width elementor-section-height-default elementor-section-height-default\" data-id=\"19303d8\" data-element_type=\"section\" data-e-type=\"section\" data-settings=\"{&quot;jet_parallax_layout_list&quot;:[{&quot;jet_parallax_layout_image&quot;:{&quot;url&quot;:&quot;&quot;,&quot;id&quot;:&quot;&quot;,&quot;size&quot;:&quot;&quot;},&quot;_id&quot;:&quot;e4ab7eb&quot;,&quot;jet_parallax_layout_image_tablet&quot;:{&quot;url&quot;:&quot;&quot;,&quot;id&quot;:&quot;&quot;,&quot;size&quot;:&quot;&quot;},&quot;jet_parallax_layout_image_mobile&quot;:{&quot;url&quot;:&quot;&quot;,&quot;id&quot;:&quot;&quot;,&quot;size&quot;:&quot;&quot;},&quot;jet_parallax_layout_speed&quot;:{&quot;unit&quot;:&quot;%&quot;,&quot;size&quot;:50,&quot;sizes&quot;:[]},&quot;jet_parallax_layout_type&quot;:&quot;scroll&quot;,&quot;jet_parallax_layout_direction&quot;:&quot;1&quot;,&quot;jet_parallax_layout_fx_direction&quot;:null,&quot;jet_parallax_layout_z_index&quot;:&quot;&quot;,&quot;jet_parallax_layout_bg_x&quot;:50,&quot;jet_parallax_layout_bg_x_tablet&quot;:&quot;&quot;,&quot;jet_parallax_layout_bg_x_mobile&quot;:&quot;&quot;,&quot;jet_parallax_layout_bg_y&quot;:50,&quot;jet_parallax_layout_bg_y_tablet&quot;:&quot;&quot;,&quot;jet_parallax_layout_bg_y_mobile&quot;:&quot;&quot;,&quot;jet_parallax_layout_bg_size&quot;:&quot;auto&quot;,&quot;jet_parallax_layout_bg_size_tablet&quot;:&quot;&quot;,&quot;jet_parallax_layout_bg_size_mobile&quot;:&quot;&quot;,&quot;jet_parallax_layout_animation_prop&quot;:&quot;transform&quot;,&quot;jet_parallax_layout_on&quot;:[&quot;desktop&quot;,&quot;tablet&quot;]}]}\">\n\t\t\t\t\t\t<div class=\"elementor-container elementor-column-gap-no\">\n\t\t\t\t\t<div class=\"elementor-column elementor-col-100 elementor-top-column elementor-element elementor-element-7052ce8\" data-id=\"7052ce8\" data-element_type=\"column\" data-e-type=\"column\">\n\t\t\t<div class=\"elementor-widget-wrap elementor-element-populated\">\n\t\t\t\t\t\t<div class=\"elementor-element elementor-element-9469205 elementor-widget elementor-widget-jet-slider\" data-id=\"9469205\" data-element_type=\"widget\" data-e-type=\"widget\" data-settings=\"{&quot;slider_height&quot;:{&quot;unit&quot;:&quot;vh&quot;,&quot;size&quot;:100,&quot;sizes&quot;:[]},&quot;slider_height_tablet&quot;:{&quot;unit&quot;:&quot;vh&quot;,&quot;size&quot;:70,&quot;sizes&quot;:[]},&quot;slider_height_mobile&quot;:{&quot;unit&quot;:&quot;vh&quot;,&quot;size&quot;:100,&quot;sizes&quot;:[]}}\" data-widget_type=\"jet-slider.default\">\n\t\t\t\t<div class=\"elementor-widget-container\">\n\t\t\t\t\t<div class=\"elementor-jet-slider jet-elements\">\n<div class=\"jet-slider jet-slider__image-exact\" data-settings='{&quot;sliderWidth&quot;:1,&quot;sliderHeight&quot;:1,&quot;sliderNavigation&quot;:false,&quot;sliderNavigationIcon&quot;:&quot;jet-slider__arrow-icon-9469205&quot;,&quot;sliderNaviOnHover&quot;:false,&quot;sliderPagination&quot;:true,&quot;sliderAutoplay&quot;:true,&quot;sliderAutoplayDelay&quot;:6000,&quot;sliderAutoplayOnHover&quot;:&quot;pause&quot;,&quot;sliderFullScreen&quot;:false,&quot;sliderFullscreenIcon&quot;:&quot;jet-slider__fullscreen-icon-9469205&quot;,&quot;sliderShuffle&quot;:false,&quot;sliderLoop&quot;:true,&quot;sliderFadeMode&quot;:false,&quot;slideDistance&quot;:1,&quot;slideDuration&quot;:500,&quot;imageScaleMode&quot;:&quot;exact&quot;,&quot;thumbnails&quot;:false,&quot;thumbnailWidth&quot;:120,&quot;thumbnailHeight&quot;:80,&quot;rightToLeft&quot;:false,&quot;touchswipe&quot;:true,&quot;fractionPag&quot;:false,&quot;fractionPrefix&quot;:&quot;&quot;,&quot;fractionSeparator&quot;:&quot;\\\/&quot;,&quot;fractionSuffix&quot;:&quot;&quot;,&quot;autoSliderHeight&quot;:false}'>\n\t\n<div  class=\"slider-pro\">\n\t<div class=\"jet-slider__arrow-icon-9469205 hidden-html\"><\/div><div class=\"jet-slider__fullscreen-icon-9469205 hidden-html\"><\/div>\t<div class=\"jet-slider__items sp-slides\">\n\n\n<div  class=\"jet-slider__item sp-slide elementor-repeater-item-ic4d3nz\"><img decoding=\"async\" class=\"sp-image\" src=\"https:\/\/sante-prevention-sainthilaire.fr\/wp-content\/uploads\/2024\/01\/slide1d.jpg\" alt=\"Bilan de sant\u00e9 \u00e0 Rouen en Normandie\" loading=\"lazy\"><div class=\"jet-slider__content sp-layer \" data-position=\"centerCenter\" data-width=\"100%\" data-height=\"100%\" data-horizontal=\"0%\" data-show-transition=\"up\" data-show-duration=\"400\" data-show-delay=\"400\" >\n\t\t<div class=\"jet-slider__content-item\">\n\t\t\t<div class=\"jet-slider__content-inner\"><p class=\"jet-slider__title\">A prevention Center<\/p><p class=\"jet-slider__subtitle\">specialized in health check-ups<\/p><div class=\"jet-slider__desc\">unique in Normandy<\/div> \n\n\t\t\t\t\t\t<div class=\"jet-slider__button-wrapper\">\t\t\t\t\t\t<\/div><\/div>\n\t\t<\/div>\n\t\t\t<\/div>\n<\/div>\n\n<div  class=\"jet-slider__item sp-slide elementor-repeater-item-xao3tqi\"><img decoding=\"async\" class=\"sp-image\" src=\"https:\/\/sante-prevention-sainthilaire.fr\/wp-content\/uploads\/2024\/01\/slide2d-2.jpg\" alt=\"Centre de sant\u00e9 pr\u00e9ventive \u00e0 Rouen en Normandie\" loading=\"lazy\"><div class=\"jet-slider__content sp-layer \" data-position=\"centerCenter\" data-width=\"100%\" data-height=\"100%\" data-horizontal=\"0%\" data-show-transition=\"up\" data-show-duration=\"400\" data-show-delay=\"400\" >\n\t\t<div class=\"jet-slider__content-item\">\n\t\t\t<div class=\"jet-slider__content-inner\"><p class=\"jet-slider__title\">Realize<\/p><p class=\"jet-slider__subtitle\">your health check-up<\/p><div class=\"jet-slider__desc\">in a pleasant place dedicated to your well-being<\/div> \n\n\t\t\t\t\t\t<div class=\"jet-slider__button-wrapper\">\t\t\t\t\t\t<\/div><\/div>\n\t\t<\/div>\n\t\t\t<\/div>\n<\/div>\n\n<div  class=\"jet-slider__item sp-slide elementor-repeater-item-b6far4z\"><img decoding=\"async\" class=\"sp-image\" src=\"https:\/\/sante-prevention-sainthilaire.fr\/wp-content\/uploads\/2023\/12\/slide1b.jpg\" alt=\"\" loading=\"lazy\"><div class=\"jet-slider__content sp-layer \" data-position=\"centerCenter\" data-width=\"100%\" data-height=\"100%\" data-horizontal=\"0%\" data-show-transition=\"up\" data-show-duration=\"400\" data-show-delay=\"400\" >\n\t\t<div class=\"jet-slider__content-item\">\n\t\t\t<div class=\"jet-slider__content-inner\"><p class=\"jet-slider__title\">A specialized center<\/p><p class=\"jet-slider__subtitle\">in prevention<br>and health check-up<\/p><div class=\"jet-slider__desc\">In our structure you will have access to a complete assessment of your health capital and your lifestyle habits that may affect it. <\/div> \n\n\t\t\t\t\t\t<div class=\"jet-slider__button-wrapper\">\t\t\t\t\t\t<\/div><\/div>\n\t\t<\/div>\n\t\t\t<\/div>\n<\/div>\n\n<\/div>\n<\/div>\n<\/div>\n<\/div>\t\t\t\t<\/div>\n\t\t\t\t<\/div>\n\t\t\t\t\t<\/div>\n\t\t<\/div>\n\t\t\t\t\t<\/div>\n\t\t<\/section>\n\t\t\t\t<\/div>\n\t\t","protected":false},"excerpt":{"rendered":"<p>A prevention Center specialized in health check-ups unique in Normandy Realize your health check-up in a pleasant place dedicated to your well-being A specialized center in preventionand health check-up In our structure you will have access to a complete assessment of your health capital and your lifestyle habits that may affect it.<\/p>\n","protected":false},"author":1,"featured_media":0,"parent":0,"menu_order":0,"comment_status":"closed","ping_status":"closed","template":"elementor_header_footer","meta":{"footnotes":""},"class_list":["post-5768","page","type-page","status-publish","hentry"],"yoast_head":"<!-- This site is optimized with the Yoast SEO plugin v27.3 - https:\/\/yoast.com\/product\/yoast-seo-wordpress\/ -->\n<title>Home - Sant\u00e9 Pr\u00e9vention Saint-Hilaire<\/title>\n<meta name=\"robots\" content=\"index, follow, max-snippet:-1, max-image-preview:large, max-video-preview:-1\" \/>\n<link rel=\"canonical\" href=\"https:\/\/sante-prevention-sainthilaire.fr\/en\/\" \/>\n<meta property=\"og:locale\" content=\"en_US\" \/>\n<meta property=\"og:type\" content=\"article\" \/>\n<meta property=\"og:title\" content=\"Home - Sant\u00e9 Pr\u00e9vention Saint-Hilaire\" \/>\n<meta property=\"og:description\" content=\"A prevention Center specialized in health check-ups unique in Normandy Realize your health check-up in a pleasant place dedicated to your well-being A specialized center in preventionand health check-up In our structure you will have access to a complete assessment of your health capital and your lifestyle habits that may affect it.\" \/>\n<meta property=\"og:url\" content=\"https:\/\/sante-prevention-sainthilaire.fr\/en\/\" \/>\n<meta property=\"og:site_name\" content=\"Sant\u00e9 Pr\u00e9vention Saint-Hilaire\" \/>\n<meta property=\"article:modified_time\" content=\"2024-01-26T10:20:32+00:00\" \/>\n<meta property=\"og:image\" content=\"https:\/\/sante-prevention-sainthilaire.fr\/wp-content\/uploads\/2024\/01\/slide1d.jpg\" \/>\n<meta name=\"twitter:card\" content=\"summary_large_image\" \/>\n<script type=\"application\/ld+json\" class=\"yoast-schema-graph\">{\"@context\":\"https:\\\/\\\/schema.org\",\"@graph\":[{\"@type\":\"WebPage\",\"@id\":\"https:\\\/\\\/sante-prevention-sainthilaire.fr\\\/en\\\/\",\"url\":\"https:\\\/\\\/sante-prevention-sainthilaire.fr\\\/en\\\/\",\"name\":\"Home - Sant\u00e9 Pr\u00e9vention Saint-Hilaire\",\"isPartOf\":{\"@id\":\"https:\\\/\\\/sante-prevention-sainthilaire.fr\\\/en\\\/#website\"},\"primaryImageOfPage\":{\"@id\":\"https:\\\/\\\/sante-prevention-sainthilaire.fr\\\/en\\\/#primaryimage\"},\"image\":{\"@id\":\"https:\\\/\\\/sante-prevention-sainthilaire.fr\\\/en\\\/#primaryimage\"},\"thumbnailUrl\":\"https:\\\/\\\/sante-prevention-sainthilaire.fr\\\/wp-content\\\/uploads\\\/2024\\\/01\\\/slide1d.jpg\",\"datePublished\":\"2023-12-15T08:25:37+00:00\",\"dateModified\":\"2024-01-26T10:20:32+00:00\",\"breadcrumb\":{\"@id\":\"https:\\\/\\\/sante-prevention-sainthilaire.fr\\\/en\\\/#breadcrumb\"},\"inLanguage\":\"en-US\",\"potentialAction\":[{\"@type\":\"ReadAction\",\"target\":[\"https:\\\/\\\/sante-prevention-sainthilaire.fr\\\/en\\\/\"]}]},{\"@type\":\"ImageObject\",\"inLanguage\":\"en-US\",\"@id\":\"https:\\\/\\\/sante-prevention-sainthilaire.fr\\\/en\\\/#primaryimage\",\"url\":\"https:\\\/\\\/sante-prevention-sainthilaire.fr\\\/wp-content\\\/uploads\\\/2024\\\/01\\\/slide1d.jpg\",\"contentUrl\":\"https:\\\/\\\/sante-prevention-sainthilaire.fr\\\/wp-content\\\/uploads\\\/2024\\\/01\\\/slide1d.jpg\"},{\"@type\":\"BreadcrumbList\",\"@id\":\"https:\\\/\\\/sante-prevention-sainthilaire.fr\\\/en\\\/#breadcrumb\",\"itemListElement\":[{\"@type\":\"ListItem\",\"position\":1,\"name\":\"Accueil\",\"item\":\"https:\\\/\\\/sante-prevention-sainthilaire.fr\\\/en\\\/home\\\/\"},{\"@type\":\"ListItem\",\"position\":2,\"name\":\"Home\"}]},{\"@type\":\"WebSite\",\"@id\":\"https:\\\/\\\/sante-prevention-sainthilaire.fr\\\/en\\\/#website\",\"url\":\"https:\\\/\\\/sante-prevention-sainthilaire.fr\\\/en\\\/\",\"name\":\"Centre de Sant\u00e9 Pr\u00e9vention Saint-Hilaire\",\"description\":\"Centre de pr\u00e9vention sant\u00e9 \u00e0 Rouen\",\"publisher\":{\"@id\":\"https:\\\/\\\/sante-prevention-sainthilaire.fr\\\/en\\\/#organization\"},\"potentialAction\":[{\"@type\":\"SearchAction\",\"target\":{\"@type\":\"EntryPoint\",\"urlTemplate\":\"https:\\\/\\\/sante-prevention-sainthilaire.fr\\\/en\\\/?s={search_term_string}\"},\"query-input\":{\"@type\":\"PropertyValueSpecification\",\"valueRequired\":true,\"valueName\":\"search_term_string\"}}],\"inLanguage\":\"en-US\"},{\"@type\":\"Organization\",\"@id\":\"https:\\\/\\\/sante-prevention-sainthilaire.fr\\\/en\\\/#organization\",\"name\":\"Sant\u00e9 Pr\u00e9vention Saint-Hilaire\",\"url\":\"https:\\\/\\\/sante-prevention-sainthilaire.fr\\\/en\\\/\",\"logo\":{\"@type\":\"ImageObject\",\"inLanguage\":\"en-US\",\"@id\":\"https:\\\/\\\/sante-prevention-sainthilaire.fr\\\/en\\\/#\\\/schema\\\/logo\\\/image\\\/\",\"url\":\"https:\\\/\\\/sante-prevention-sainthilaire.fr\\\/wp-content\\\/uploads\\\/2023\\\/11\\\/logo-spsh.png\",\"contentUrl\":\"https:\\\/\\\/sante-prevention-sainthilaire.fr\\\/wp-content\\\/uploads\\\/2023\\\/11\\\/logo-spsh.png\",\"width\":400,\"height\":400,\"caption\":\"Sant\u00e9 Pr\u00e9vention Saint-Hilaire\"},\"image\":{\"@id\":\"https:\\\/\\\/sante-prevention-sainthilaire.fr\\\/en\\\/#\\\/schema\\\/logo\\\/image\\\/\"}}]}<\/script>\n<!-- \/ Yoast SEO plugin. -->","yoast_head_json":{"title":"Home - Sant\u00e9 Pr\u00e9vention Saint-Hilaire","robots":{"index":"index","follow":"follow","max-snippet":"max-snippet:-1","max-image-preview":"max-image-preview:large","max-video-preview":"max-video-preview:-1"},"canonical":"https:\/\/sante-prevention-sainthilaire.fr\/en\/","og_locale":"en_US","og_type":"article","og_title":"Home - Sant\u00e9 Pr\u00e9vention Saint-Hilaire","og_description":"A prevention Center specialized in health check-ups unique in Normandy Realize your health check-up in a pleasant place dedicated to your well-being A specialized center in preventionand health check-up In our structure you will have access to a complete assessment of your health capital and your lifestyle habits that may affect it.","og_url":"https:\/\/sante-prevention-sainthilaire.fr\/en\/","og_site_name":"Sant\u00e9 Pr\u00e9vention Saint-Hilaire","article_modified_time":"2024-01-26T10:20:32+00:00","og_image":[{"url":"https:\/\/sante-prevention-sainthilaire.fr\/wp-content\/uploads\/2024\/01\/slide1d.jpg","type":"","width":"","height":""}],"twitter_card":"summary_large_image","schema":{"@context":"https:\/\/schema.org","@graph":[{"@type":"WebPage","@id":"https:\/\/sante-prevention-sainthilaire.fr\/en\/","url":"https:\/\/sante-prevention-sainthilaire.fr\/en\/","name":"Home - Sant\u00e9 Pr\u00e9vention Saint-Hilaire","isPartOf":{"@id":"https:\/\/sante-prevention-sainthilaire.fr\/en\/#website"},"primaryImageOfPage":{"@id":"https:\/\/sante-prevention-sainthilaire.fr\/en\/#primaryimage"},"image":{"@id":"https:\/\/sante-prevention-sainthilaire.fr\/en\/#primaryimage"},"thumbnailUrl":"https:\/\/sante-prevention-sainthilaire.fr\/wp-content\/uploads\/2024\/01\/slide1d.jpg","datePublished":"2023-12-15T08:25:37+00:00","dateModified":"2024-01-26T10:20:32+00:00","breadcrumb":{"@id":"https:\/\/sante-prevention-sainthilaire.fr\/en\/#breadcrumb"},"inLanguage":"en-US","potentialAction":[{"@type":"ReadAction","target":["https:\/\/sante-prevention-sainthilaire.fr\/en\/"]}]},{"@type":"ImageObject","inLanguage":"en-US","@id":"https:\/\/sante-prevention-sainthilaire.fr\/en\/#primaryimage","url":"https:\/\/sante-prevention-sainthilaire.fr\/wp-content\/uploads\/2024\/01\/slide1d.jpg","contentUrl":"https:\/\/sante-prevention-sainthilaire.fr\/wp-content\/uploads\/2024\/01\/slide1d.jpg"},{"@type":"BreadcrumbList","@id":"https:\/\/sante-prevention-sainthilaire.fr\/en\/#breadcrumb","itemListElement":[{"@type":"ListItem","position":1,"name":"Accueil","item":"https:\/\/sante-prevention-sainthilaire.fr\/en\/home\/"},{"@type":"ListItem","position":2,"name":"Home"}]},{"@type":"WebSite","@id":"https:\/\/sante-prevention-sainthilaire.fr\/en\/#website","url":"https:\/\/sante-prevention-sainthilaire.fr\/en\/","name":"Centre de Sant\u00e9 Pr\u00e9vention Saint-Hilaire","description":"Centre de pr\u00e9vention sant\u00e9 \u00e0 Rouen","publisher":{"@id":"https:\/\/sante-prevention-sainthilaire.fr\/en\/#organization"},"potentialAction":[{"@type":"SearchAction","target":{"@type":"EntryPoint","urlTemplate":"https:\/\/sante-prevention-sainthilaire.fr\/en\/?s={search_term_string}"},"query-input":{"@type":"PropertyValueSpecification","valueRequired":true,"valueName":"search_term_string"}}],"inLanguage":"en-US"},{"@type":"Organization","@id":"https:\/\/sante-prevention-sainthilaire.fr\/en\/#organization","name":"Sant\u00e9 Pr\u00e9vention Saint-Hilaire","url":"https:\/\/sante-prevention-sainthilaire.fr\/en\/","logo":{"@type":"ImageObject","inLanguage":"en-US","@id":"https:\/\/sante-prevention-sainthilaire.fr\/en\/#\/schema\/logo\/image\/","url":"https:\/\/sante-prevention-sainthilaire.fr\/wp-content\/uploads\/2023\/11\/logo-spsh.png","contentUrl":"https:\/\/sante-prevention-sainthilaire.fr\/wp-content\/uploads\/2023\/11\/logo-spsh.png","width":400,"height":400,"caption":"Sant\u00e9 Pr\u00e9vention Saint-Hilaire"},"image":{"@id":"https:\/\/sante-prevention-sainthilaire.fr\/en\/#\/schema\/logo\/image\/"}}]}},"_links":{"self":[{"href":"https:\/\/sante-prevention-sainthilaire.fr\/en\/wp-json\/wp\/v2\/pages\/5768","targetHints":{"allow":["GET"]}}],"collection":[{"href":"https:\/\/sante-prevention-sainthilaire.fr\/en\/wp-json\/wp\/v2\/pages"}],"about":[{"href":"https:\/\/sante-prevention-sainthilaire.fr\/en\/wp-json\/wp\/v2\/types\/page"}],"author":[{"embeddable":true,"href":"https:\/\/sante-prevention-sainthilaire.fr\/en\/wp-json\/wp\/v2\/users\/1"}],"replies":[{"embeddable":true,"href":"https:\/\/sante-prevention-sainthilaire.fr\/en\/wp-json\/wp\/v2\/comments?post=5768"}],"version-history":[{"count":9,"href":"https:\/\/sante-prevention-sainthilaire.fr\/en\/wp-json\/wp\/v2\/pages\/5768\/revisions"}],"predecessor-version":[{"id":6058,"href":"https:\/\/sante-prevention-sainthilaire.fr\/en\/wp-json\/wp\/v2\/pages\/5768\/revisions\/6058"}],"wp:attachment":[{"href":"https:\/\/sante-prevention-sainthilaire.fr\/en\/wp-json\/wp\/v2\/media?parent=5768"}],"curies":[{"name":"wp","href":"https:\/\/api.w.org\/{rel}","templated":true}]}}